{"id":493,"date":"2020-09-13T13:34:41","date_gmt":"2020-09-13T11:34:41","guid":{"rendered":"https:\/\/rigourdaine.com\/?page_id=493"},"modified":"2025-11-09T11:29:21","modified_gmt":"2025-11-09T10:29:21","slug":"tarifs","status":"publish","type":"page","link":"https:\/\/rigourdaine.com\/en\/tarifs\/","title":{"rendered":"Prices"},"content":{"rendered":"<div data-elementor-type=\"wp-page\" data-elementor-id=\"493\" class=\"elementor elementor-493\">\n\t\t\t\t\t\t<section class=\"elementor-section elementor-top-section elementor-element elementor-element-b3cb072 elementor-section-boxed elementor-section-height-default elementor-section-height-default\" data-id=\"b3cb072\" data-element_type=\"section\" data-e-type=\"section\">\n\t\t\t\t\t\t<div class=\"elementor-container elementor-column-gap-default\">\n\t\t\t\t\t<div class=\"elementor-column elementor-col-100 elementor-top-column elementor-element elementor-element-9e2b012\" data-id=\"9e2b012\" data-element_type=\"column\" data-e-type=\"column\">\n\t\t\t<div class=\"elementor-widget-wrap elementor-element-populated\">\n\t\t\t\t\t\t<div class=\"elementor-element elementor-element-8f34587 elementor-widget elementor-widget-heading\" data-id=\"8f34587\" data-element_type=\"widget\" data-e-type=\"widget\" data-widget_type=\"heading.default\">\n\t\t\t\t<div class=\"elementor-widget-container\">\n\t\t\t\t\t<h2 class=\"elementor-heading-title elementor-size-default\">Nos tarifs 2026<\/h2>\t\t\t\t<\/div>\n\t\t\t\t<\/div>\n\t\t\t\t\t<\/div>\n\t\t<\/div>\n\t\t\t\t\t<\/div>\n\t\t<\/section>\n\t\t\t\t<section class=\"elementor-section elementor-top-section elementor-element elementor-element-69dbd4a elementor-section-content-top elementor-section-boxed elementor-section-height-default elementor-section-height-default\" data-id=\"69dbd4a\" data-element_type=\"section\" data-e-type=\"section\">\n\t\t\t\t\t\t<div class=\"elementor-container elementor-column-gap-default\">\n\t\t\t\t\t<div class=\"elementor-column elementor-col-100 elementor-top-column elementor-element elementor-element-39e032a\" data-id=\"39e032a\" data-element_type=\"column\" data-e-type=\"column\">\n\t\t\t<div class=\"elementor-widget-wrap elementor-element-populated\">\n\t\t\t\t\t\t<div class=\"elementor-element elementor-element-6eeca14 elementor-widget elementor-widget-text-editor\" data-id=\"6eeca14\" data-element_type=\"widget\" data-e-type=\"widget\" data-widget_type=\"text-editor.default\">\n\t\t\t\t<div class=\"elementor-widget-container\">\n\t\t\t\t\t\t\t\t\t<p>Chambre simple ou double : De <b>99 \u20ac \u00e0 169\u20ac<\/b><br>Chambre triple : De 165 \u20ac \u00e0 <b>219\u20ac<\/b><br>Chambre quadruple : De 194\u20ac \u00e0 <b>259\u20ac<\/b><\/p>\n<p><b>Consulter notre moteur de r\u00e9servation pour un devis personnalis\u00e9<\/b><\/p>\n<p>Petit d\u00e9jeuner&nbsp; : 19.50\u20ac<br><em>(ou 9.50\u20ac pour les enfants de 3 \u00e0 10 ans)<\/em><\/p>\n<p><em><span class=\"tojvnm2t a6sixzi8 abs2jz4q a8s20v7p t1p8iaqh k5wvi7nf q3lfd5jv pk4s997a bipmatt0 cebpdrjk qowsmv63 owwhemhu dp1hu0rb dhp61c6y iyyx5f41\">Tourist tax \u20ac 1 per day and per adult over 18 years old<\/span><\/em><\/p>\n<p><strong><i>All taxes included and for one night.<\/i><\/strong><\/p>\t\t\t\t\t\t\t\t<\/div>\n\t\t\t\t<\/div>\n\t\t\t\t\t<\/div>\n\t\t<\/div>\n\t\t\t\t\t<\/div>\n\t\t<\/section>\n\t\t\t\t<section class=\"elementor-section elementor-top-section elementor-element elementor-element-ca97c79 elementor-section-boxed elementor-section-height-default elementor-section-height-default\" data-id=\"ca97c79\" data-element_type=\"section\" data-e-type=\"section\">\n\t\t\t\t\t\t<div class=\"elementor-container elementor-column-gap-default\">\n\t\t\t\t\t<div class=\"elementor-column elementor-col-100 elementor-top-column elementor-element elementor-element-b740c33\" data-id=\"b740c33\" data-element_type=\"column\" data-e-type=\"column\">\n\t\t\t<div class=\"elementor-widget-wrap elementor-element-populated\">\n\t\t\t\t\t\t<div class=\"elementor-element elementor-element-abd077c elementor-align-center elementor-widget elementor-widget-button\" data-id=\"abd077c\" data-element_type=\"widget\" data-e-type=\"widget\" data-widget_type=\"button.default\">\n\t\t\t\t<div class=\"elementor-widget-container\">\n\t\t\t\t\t\t\t\t\t<div class=\"elementor-button-wrapper\">\n\t\t\t\t\t<a class=\"elementor-button elementor-button-link elementor-size-sm\" href=\"https:\/\/secure.reservit.com\/fo\/booking\/2\/4007\/dates?specialMode=default&#038;langcode=FR&#038;partid=0&#038;custid=2&#038;_ga=GA1.2.2142727382.1597161679&#038;hotelid=4007&#038;m=booking\" target=\"_blank\" rel=\"nofollow noopener\">\n\t\t\t\t\t\t<span class=\"elementor-button-content-wrapper\">\n\t\t\t\t\t\t\t\t\t<span class=\"elementor-button-text\">Online booking<\/span>\n\t\t\t\t\t<\/span>\n\t\t\t\t\t<\/a>\n\t\t\t\t<\/div>\n\t\t\t\t\t\t\t\t<\/div>\n\t\t\t\t<\/div>\n\t\t\t\t\t<\/div>\n\t\t<\/div>\n\t\t\t\t\t<\/div>\n\t\t<\/section>\n\t\t\t\t<\/div>","protected":false},"excerpt":{"rendered":"<p>Nos tarifs 2026 Chambre simple ou double : De 99 \u20ac \u00e0 169\u20acChambre triple : De 165 \u20ac \u00e0 219\u20acChambre quadruple : De 194\u20ac \u00e0 259\u20ac Consulter notre moteur de r\u00e9servation pour un devis personnalis\u00e9 Petit d\u00e9jeuner&nbsp; : 19.50\u20ac(ou 9.50\u20ac pour les enfants de 3 \u00e0 10 ans) Taxe de s\u00e9jour 2.64\u20ac par jour et&hellip; <br \/> <a class=\"read-more\" href=\"https:\/\/rigourdaine.com\/en\/tarifs\/\">Read more<\/a><\/p>","protected":false},"author":191252716,"featured_media":0,"parent":0,"menu_order":0,"comment_status":"closed","ping_status":"closed","template":"","meta":{"_coblocks_attr":"","_coblocks_dimensions":"","_coblocks_responsive_height":"","_coblocks_accordion_ie_support":"","_crdt_document":"","footnotes":""},"class_list":["post-493","page","type-page","status-publish","hentry"],"jetpack_likes_enabled":false,"jetpack_sharing_enabled":false,"jetpack_shortlink":"https:\/\/wp.me\/Pchbpe-7X","amp_enabled":true,"_links":{"self":[{"href":"https:\/\/rigourdaine.com\/en\/wp-json\/wp\/v2\/pages\/493","targetHints":{"allow":["GET"]}}],"collection":[{"href":"https:\/\/rigourdaine.com\/en\/wp-json\/wp\/v2\/pages"}],"about":[{"href":"https:\/\/rigourdaine.com\/en\/wp-json\/wp\/v2\/types\/page"}],"author":[{"embeddable":true,"href":"https:\/\/rigourdaine.com\/en\/wp-json\/wp\/v2\/users\/191252716"}],"replies":[{"embeddable":true,"href":"https:\/\/rigourdaine.com\/en\/wp-json\/wp\/v2\/comments?post=493"}],"version-history":[{"count":63,"href":"https:\/\/rigourdaine.com\/en\/wp-json\/wp\/v2\/pages\/493\/revisions"}],"predecessor-version":[{"id":2799,"href":"https:\/\/rigourdaine.com\/en\/wp-json\/wp\/v2\/pages\/493\/revisions\/2799"}],"wp:attachment":[{"href":"https:\/\/rigourdaine.com\/en\/wp-json\/wp\/v2\/media?parent=493"}],"curies":[{"name":"wp","href":"https:\/\/api.w.org\/{rel}","templated":true}]}}