{"id":416,"date":"2020-09-11T13:33:06","date_gmt":"2020-09-11T11:33:06","guid":{"rendered":"https:\/\/rigourdaine.com\/?page_id=416"},"modified":"2020-09-21T15:10:41","modified_gmt":"2020-09-21T13:10:41","slug":"acces","status":"publish","type":"page","link":"https:\/\/rigourdaine.com\/en\/acces\/","title":{"rendered":"Access"},"content":{"rendered":"<div data-elementor-type=\"wp-page\" data-elementor-id=\"416\" class=\"elementor elementor-416\">\n\t\t\t\t\t\t<section class=\"elementor-section elementor-top-section elementor-element elementor-element-2a060d7 elementor-section-boxed elementor-section-height-default elementor-section-height-default\" data-id=\"2a060d7\" data-element_type=\"section\" data-e-type=\"section\">\n\t\t\t\t\t\t<div class=\"elementor-container elementor-column-gap-default\">\n\t\t\t\t\t<div class=\"elementor-column elementor-col-100 elementor-top-column elementor-element elementor-element-eadc6c6\" data-id=\"eadc6c6\" data-element_type=\"column\" data-e-type=\"column\">\n\t\t\t<div class=\"elementor-widget-wrap elementor-element-populated\">\n\t\t\t\t\t\t<div class=\"elementor-element elementor-element-3248d41 elementor-widget elementor-widget-text-editor\" data-id=\"3248d41\" data-element_type=\"widget\" data-e-type=\"widget\" data-widget_type=\"text-editor.default\">\n\t\t\t\t<div class=\"elementor-widget-container\">\n\t\t\t\t\t\t\t\t\t<p>The Manoir de Rigourdaine hotel, located near Plou\u00ebr-sur-Rance, is accessible from the N176 and D766 <\/p>\t\t\t\t\t\t\t\t<\/div>\n\t\t\t\t<\/div>\n\t\t\t\t<div class=\"elementor-element elementor-element-0d5dca5 elementor-widget elementor-widget-google_maps\" data-id=\"0d5dca5\" data-element_type=\"widget\" data-e-type=\"widget\" data-widget_type=\"google_maps.default\">\n\t\t\t\t<div class=\"elementor-widget-container\">\n\t\t\t\t\t\t\t<div class=\"elementor-custom-embed\">\n\t\t\t<iframe loading=\"lazy\"\n\t\t\t\t\tsrc=\"https:\/\/maps.google.com\/maps?q=H%C3%B4tel%20Manoir%20de%20Rigourdaine%2022490%20Plou%C3%ABr-sur-Rance&#038;t=m&#038;z=10&#038;output=embed&#038;iwloc=near\"\n\t\t\t\t\ttitle=\"H\u00f4tel Manoir de Rigourdaine 22490 Plou\u00ebr-sur-Rance\"\n\t\t\t\t\taria-label=\"H\u00f4tel Manoir de Rigourdaine 22490 Plou\u00ebr-sur-Rance\"\n\t\t\t><\/iframe>\n\t\t<\/div>\n\t\t\t\t\t\t<\/div>\n\t\t\t\t<\/div>\n\t\t\t\t<div class=\"elementor-element elementor-element-1aafffe elementor-widget-divider--view-line elementor-widget elementor-widget-divider\" data-id=\"1aafffe\" data-element_type=\"widget\" data-e-type=\"widget\" data-widget_type=\"divider.default\">\n\t\t\t\t<div class=\"elementor-widget-container\">\n\t\t\t\t\t\t\t<div class=\"elementor-divider\">\n\t\t\t<span class=\"elementor-divider-separator\">\n\t\t\t\t\t\t<\/span>\n\t\t<\/div>\n\t\t\t\t\t\t<\/div>\n\t\t\t\t<\/div>\n\t\t\t\t\t<\/div>\n\t\t<\/div>\n\t\t\t\t\t<\/div>\n\t\t<\/section>\n\t\t\t\t<section class=\"elementor-section elementor-top-section elementor-element elementor-element-e8a3894 elementor-section-boxed elementor-section-height-default elementor-section-height-default\" data-id=\"e8a3894\" data-element_type=\"section\" data-e-type=\"section\">\n\t\t\t\t\t\t<div class=\"elementor-container elementor-column-gap-default\">\n\t\t\t\t\t<div class=\"elementor-column elementor-col-25 elementor-top-column elementor-element elementor-element-dfbd514\" data-id=\"dfbd514\" data-element_type=\"column\" data-e-type=\"column\">\n\t\t\t<div class=\"elementor-widget-wrap elementor-element-populated\">\n\t\t\t\t\t\t<div class=\"elementor-element elementor-element-823c521 elementor-widget elementor-widget-text-editor\" data-id=\"823c521\" data-element_type=\"widget\" data-e-type=\"widget\" data-widget_type=\"text-editor.default\">\n\t\t\t\t<div class=\"elementor-widget-container\">\n\t\t\t\t\t\t\t\t\t<p><strong>By car :<\/strong><\/p><p>10min from <strong>Dinan<\/strong><br \/>16min from <strong>Dinard<\/strong><br \/>20min from <strong>Saint-Malo<\/strong><br \/>35min from <strong>Rennes<\/strong><br \/>40min from <strong>Mont St Michel<\/strong><br \/>4h from <strong>Paris<\/strong><\/p>\t\t\t\t\t\t\t\t<\/div>\n\t\t\t\t<\/div>\n\t\t\t\t\t<\/div>\n\t\t<\/div>\n\t\t\t\t<div class=\"elementor-column elementor-col-25 elementor-top-column elementor-element elementor-element-135189c\" data-id=\"135189c\" data-element_type=\"column\" data-e-type=\"column\">\n\t\t\t<div class=\"elementor-widget-wrap elementor-element-populated\">\n\t\t\t\t\t\t<div class=\"elementor-element elementor-element-d69ebe7 elementor-widget elementor-widget-text-editor\" data-id=\"d69ebe7\" data-element_type=\"widget\" data-e-type=\"widget\" data-widget_type=\"text-editor.default\">\n\t\t\t\t<div class=\"elementor-widget-container\">\n\t\t\t\t\t\t\t\t\t<p><strong>By train :<br \/><\/strong><\/p><p><strong>Paris \/ Rennes \/<\/strong><br \/><strong>St Malo<\/strong><br \/>3h<br \/><a href=\"http:\/\/www.sncf.fr\" target=\"_blank\" rel=\"noopener nofollow\">www.sncf.fr<\/a><\/p>\t\t\t\t\t\t\t\t<\/div>\n\t\t\t\t<\/div>\n\t\t\t\t\t<\/div>\n\t\t<\/div>\n\t\t\t\t<div class=\"elementor-column elementor-col-25 elementor-top-column elementor-element elementor-element-dcfee16\" data-id=\"dcfee16\" data-element_type=\"column\" data-e-type=\"column\">\n\t\t\t<div class=\"elementor-widget-wrap elementor-element-populated\">\n\t\t\t\t\t\t<div class=\"elementor-element elementor-element-7c2d1ad elementor-widget elementor-widget-text-editor\" data-id=\"7c2d1ad\" data-element_type=\"widget\" data-e-type=\"widget\" data-widget_type=\"text-editor.default\">\n\t\t\t\t<div class=\"elementor-widget-container\">\n\t\t\t\t\t\t\t\t\t<p><strong>By plane :<\/strong><\/p><p><strong>Dinard<\/strong><br \/><strong>Airport<\/strong><br \/>16min by car<br \/><strong>Rennes<\/strong><br \/><strong>airport<\/strong><br \/>50min by car<\/p>\t\t\t\t\t\t\t\t<\/div>\n\t\t\t\t<\/div>\n\t\t\t\t\t<\/div>\n\t\t<\/div>\n\t\t\t\t<div class=\"elementor-column elementor-col-25 elementor-top-column elementor-element elementor-element-9b0b57d\" data-id=\"9b0b57d\" data-element_type=\"column\" data-e-type=\"column\">\n\t\t\t<div class=\"elementor-widget-wrap elementor-element-populated\">\n\t\t\t\t\t\t<div class=\"elementor-element elementor-element-6081ade elementor-widget elementor-widget-text-editor\" data-id=\"6081ade\" data-element_type=\"widget\" data-e-type=\"widget\" data-widget_type=\"text-editor.default\">\n\t\t\t\t<div class=\"elementor-widget-container\">\n\t\t\t\t\t\t\t\t\t<p><strong>By boat :<\/strong><\/p><p><strong>Port of Saint-Malo<\/strong> <br \/>20min by car<br \/><a href=\"http:\/\/www.brittanyferries.fr\" target=\"_blank\" rel=\"noopener nofollow\">www.brittanyferries.fr<\/a><br \/><a href=\"http:\/\/www.condorferries.fr\" target=\"_blank\" rel=\"noopener nofollow\">www.condorferries.fr<\/a><\/p>\t\t\t\t\t\t\t\t<\/div>\n\t\t\t\t<\/div>\n\t\t\t\t\t<\/div>\n\t\t<\/div>\n\t\t\t\t\t<\/div>\n\t\t<\/section>\n\t\t\t\t<section class=\"elementor-section elementor-top-section elementor-element elementor-element-6ffb837 elementor-section-boxed elementor-section-height-default elementor-section-height-default\" data-id=\"6ffb837\" data-element_type=\"section\" data-e-type=\"section\">\n\t\t\t\t\t\t<div class=\"elementor-container elementor-column-gap-default\">\n\t\t\t\t\t<div class=\"elementor-column elementor-col-100 elementor-top-column elementor-element elementor-element-cb73366\" data-id=\"cb73366\" data-element_type=\"column\" data-e-type=\"column\">\n\t\t\t<div class=\"elementor-widget-wrap\">\n\t\t\t\t\t\t\t<\/div>\n\t\t<\/div>\n\t\t\t\t\t<\/div>\n\t\t<\/section>\n\t\t\t\t<\/div>","protected":false},"excerpt":{"rendered":"<p>L&rsquo;h\u00f4tel Manoir de Rigourdaine, situ\u00e9 proche de Plou\u00ebr-sur-Rance, est accessible depuis la N176 et la D766 En voiture : 10min de Dinan16min de Dinard20min de Saint-Malo35min de Rennes40min du Mont St Michel4h de Paris En train : Paris \/ Rennes \/St Malo3hwww.sncf.fr En avion : Aeroportde Dinard16min en voitureA\u00e9roportde Rennes50min en voiture En bateau :&hellip; <br \/> <a class=\"read-more\" href=\"https:\/\/rigourdaine.com\/en\/acces\/\">Read more<\/a><\/p>","protected":false},"author":191252716,"featured_media":0,"parent":0,"menu_order":0,"comment_status":"closed","ping_status":"closed","template":"","meta":{"_coblocks_attr":"","_coblocks_dimensions":"","_coblocks_responsive_height":"","_coblocks_accordion_ie_support":"","_crdt_document":"","footnotes":""},"class_list":["post-416","page","type-page","status-publish","hentry"],"jetpack_likes_enabled":false,"jetpack_sharing_enabled":false,"jetpack_shortlink":"https:\/\/wp.me\/Pchbpe-6I","amp_enabled":true,"_links":{"self":[{"href":"https:\/\/rigourdaine.com\/en\/wp-json\/wp\/v2\/pages\/416","targetHints":{"allow":["GET"]}}],"collection":[{"href":"https:\/\/rigourdaine.com\/en\/wp-json\/wp\/v2\/pages"}],"about":[{"href":"https:\/\/rigourdaine.com\/en\/wp-json\/wp\/v2\/types\/page"}],"author":[{"embeddable":true,"href":"https:\/\/rigourdaine.com\/en\/wp-json\/wp\/v2\/users\/191252716"}],"replies":[{"embeddable":true,"href":"https:\/\/rigourdaine.com\/en\/wp-json\/wp\/v2\/comments?post=416"}],"version-history":[{"count":14,"href":"https:\/\/rigourdaine.com\/en\/wp-json\/wp\/v2\/pages\/416\/revisions"}],"predecessor-version":[{"id":607,"href":"https:\/\/rigourdaine.com\/en\/wp-json\/wp\/v2\/pages\/416\/revisions\/607"}],"wp:attachment":[{"href":"https:\/\/rigourdaine.com\/en\/wp-json\/wp\/v2\/media?parent=416"}],"curies":[{"name":"wp","href":"https:\/\/api.w.org\/{rel}","templated":true}]}}