{"id":1658,"date":"2023-07-23T17:38:21","date_gmt":"2023-07-23T15:38:21","guid":{"rendered":"https:\/\/rigourdaine.com\/?page_id=1658"},"modified":"2025-11-05T17:28:51","modified_gmt":"2025-11-05T16:28:51","slug":"elementor-1658","status":"publish","type":"page","link":"https:\/\/rigourdaine.com\/de\/elementor-1658\/","title":{"rendered":"Seminare"},"content":{"rendered":"<div data-elementor-type=\"wp-page\" data-elementor-id=\"1658\" class=\"elementor elementor-1658\">\n\t\t\t\t\t\t<section class=\"elementor-section elementor-top-section elementor-element elementor-element-c4729e6 elementor-section-boxed elementor-section-height-default elementor-section-height-default\" data-id=\"c4729e6\" data-element_type=\"section\" data-e-type=\"section\">\n\t\t\t\t\t\t<div class=\"elementor-container elementor-column-gap-default\">\n\t\t\t\t\t<div class=\"elementor-column elementor-col-100 elementor-top-column elementor-element elementor-element-75cd554\" data-id=\"75cd554\" data-element_type=\"column\" data-e-type=\"column\">\n\t\t\t<div class=\"elementor-widget-wrap elementor-element-populated\">\n\t\t\t\t\t\t<div class=\"elementor-element elementor-element-9150316 elementor-widget elementor-widget-heading\" data-id=\"9150316\" data-element_type=\"widget\" data-e-type=\"widget\" data-widget_type=\"heading.default\">\n\t\t\t\t<div class=\"elementor-widget-container\">\n\t\t\t\t\t<h2 class=\"elementor-heading-title elementor-size-default\">Firmenseminare<\/h2>\t\t\t\t<\/div>\n\t\t\t\t<\/div>\n\t\t\t\t\t<\/div>\n\t\t<\/div>\n\t\t\t\t\t<\/div>\n\t\t<\/section>\n\t\t\t\t<section class=\"elementor-section elementor-top-section elementor-element elementor-element-e87e126 elementor-section-boxed elementor-section-height-default elementor-section-height-default\" data-id=\"e87e126\" data-element_type=\"section\" data-e-type=\"section\">\n\t\t\t\t\t\t<div class=\"elementor-container elementor-column-gap-default\">\n\t\t\t\t\t<div class=\"elementor-column elementor-col-100 elementor-top-column elementor-element elementor-element-36e51db\" data-id=\"36e51db\" data-element_type=\"column\" data-e-type=\"column\">\n\t\t\t<div class=\"elementor-widget-wrap elementor-element-populated\">\n\t\t\t\t\t\t<div class=\"elementor-element elementor-element-af899d8 elementor-widget elementor-widget-heading\" data-id=\"af899d8\" data-element_type=\"widget\" data-e-type=\"widget\" data-widget_type=\"heading.default\">\n\t\t\t\t<div class=\"elementor-widget-container\">\n\t\t\t\t\t<h3 class=\"elementor-heading-title elementor-size-default\">Inspirieren Sie Ihre Teams zwischen Natur und Stein auf unterschiedliche Weise ...<\/h3>\t\t\t\t<\/div>\n\t\t\t\t<\/div>\n\t\t\t\t\t<\/div>\n\t\t<\/div>\n\t\t\t\t\t<\/div>\n\t\t<\/section>\n\t\t\t\t<section class=\"elementor-section elementor-top-section elementor-element elementor-element-2c8263d elementor-section-boxed elementor-section-height-default elementor-section-height-default\" data-id=\"2c8263d\" data-element_type=\"section\" data-e-type=\"section\">\n\t\t\t\t\t\t<div class=\"elementor-container elementor-column-gap-default\">\n\t\t\t\t\t<div class=\"elementor-column elementor-col-100 elementor-top-column elementor-element elementor-element-d6a7540\" data-id=\"d6a7540\" data-element_type=\"column\" data-e-type=\"column\">\n\t\t\t<div class=\"elementor-widget-wrap elementor-element-populated\">\n\t\t\t\t\t\t<div class=\"elementor-element elementor-element-f75a7a3 elementor-widget elementor-widget-image\" data-id=\"f75a7a3\" data-element_type=\"widget\" data-e-type=\"widget\" data-widget_type=\"image.default\">\n\t\t\t\t<div class=\"elementor-widget-container\">\n\t\t\t\t\t\t\t\t\t\t\t\t\t\t\t<img fetchpriority=\"high\" decoding=\"async\" data-attachment-id=\"2146\" data-permalink=\"https:\/\/rigourdaine.com\/de\/moyen\/\" data-orig-file=\"https:\/\/i0.wp.com\/rigourdaine.com\/wp-content\/uploads\/2024\/07\/Moyen.jpg?fit=3000%2C1152&amp;ssl=1\" data-orig-size=\"3000,1152\" data-comments-opened=\"1\" data-image-meta=\"{&quot;aperture&quot;:&quot;0&quot;,&quot;credit&quot;:&quot;&quot;,&quot;camera&quot;:&quot;&quot;,&quot;caption&quot;:&quot;&quot;,&quot;created_timestamp&quot;:&quot;0&quot;,&quot;copyright&quot;:&quot;&quot;,&quot;focal_length&quot;:&quot;0&quot;,&quot;iso&quot;:&quot;0&quot;,&quot;shutter_speed&quot;:&quot;0&quot;,&quot;title&quot;:&quot;&quot;,&quot;orientation&quot;:&quot;0&quot;}\" data-image-title=\"Moyen\" data-image-description=\"\" data-image-caption=\"\" data-large-file=\"https:\/\/i0.wp.com\/rigourdaine.com\/wp-content\/uploads\/2024\/07\/Moyen.jpg?fit=1024%2C393&amp;ssl=1\" width=\"1920\" height=\"737\" src=\"https:\/\/i0.wp.com\/rigourdaine.com\/wp-content\/uploads\/2024\/07\/Moyen.jpg?fit=1920%2C737&amp;ssl=1\" class=\"attachment-mesmerize-full-hd size-mesmerize-full-hd wp-image-2146\" alt=\"\" srcset=\"https:\/\/i0.wp.com\/rigourdaine.com\/wp-content\/uploads\/2024\/07\/Moyen.jpg?w=3000&amp;ssl=1 3000w, https:\/\/i0.wp.com\/rigourdaine.com\/wp-content\/uploads\/2024\/07\/Moyen.jpg?resize=300%2C115&amp;ssl=1 300w, https:\/\/i0.wp.com\/rigourdaine.com\/wp-content\/uploads\/2024\/07\/Moyen.jpg?resize=1024%2C393&amp;ssl=1 1024w, https:\/\/i0.wp.com\/rigourdaine.com\/wp-content\/uploads\/2024\/07\/Moyen.jpg?resize=768%2C295&amp;ssl=1 768w, https:\/\/i0.wp.com\/rigourdaine.com\/wp-content\/uploads\/2024\/07\/Moyen.jpg?resize=1536%2C590&amp;ssl=1 1536w, https:\/\/i0.wp.com\/rigourdaine.com\/wp-content\/uploads\/2024\/07\/Moyen.jpg?resize=2048%2C786&amp;ssl=1 2048w, https:\/\/i0.wp.com\/rigourdaine.com\/wp-content\/uploads\/2024\/07\/Moyen.jpg?resize=18%2C7&amp;ssl=1 18w, https:\/\/i0.wp.com\/rigourdaine.com\/wp-content\/uploads\/2024\/07\/Moyen.jpg?resize=1200%2C461&amp;ssl=1 1200w, https:\/\/i0.wp.com\/rigourdaine.com\/wp-content\/uploads\/2024\/07\/Moyen.jpg?resize=1920%2C737&amp;ssl=1 1920w\" sizes=\"(max-width: 1920px) 100vw, 1920px\" \/>\t\t\t\t\t\t\t\t\t\t\t\t\t\t\t<\/div>\n\t\t\t\t<\/div>\n\t\t\t\t\t<\/div>\n\t\t<\/div>\n\t\t\t\t\t<\/div>\n\t\t<\/section>\n\t\t\t\t<section class=\"elementor-section elementor-top-section elementor-element elementor-element-6be4ad2 elementor-section-boxed elementor-section-height-default elementor-section-height-default\" data-id=\"6be4ad2\" data-element_type=\"section\" data-e-type=\"section\">\n\t\t\t\t\t\t<div class=\"elementor-container elementor-column-gap-default\">\n\t\t\t\t\t<div class=\"elementor-column elementor-col-100 elementor-top-column elementor-element elementor-element-bf5271d\" data-id=\"bf5271d\" data-element_type=\"column\" data-e-type=\"column\">\n\t\t\t<div class=\"elementor-widget-wrap elementor-element-populated\">\n\t\t\t\t\t\t<div class=\"elementor-element elementor-element-0db1dfc elementor-widget elementor-widget-heading\" data-id=\"0db1dfc\" data-element_type=\"widget\" data-e-type=\"widget\" data-widget_type=\"heading.default\">\n\t\t\t\t<div class=\"elementor-widget-container\">\n\t\t\t\t\t<h3 class=\"elementor-heading-title elementor-size-default\">Im Herzen des Rance Valley Natural Park liegt das\nDas Manoir de Rigourdaine empf\u00e4ngt Sie zu privat Gesch\u00e4ftsseminaren zwischen Gr\u00fcn und Gr\u00fcn\nAuthentizit\u00e4t.<\/h3>\t\t\t\t<\/div>\n\t\t\t\t<\/div>\n\t\t\t\t<div class=\"elementor-element elementor-element-f7cda30 elementor-widget elementor-widget-text-editor\" data-id=\"f7cda30\" data-element_type=\"widget\" data-e-type=\"widget\" data-widget_type=\"text-editor.default\">\n\t\t\t\t<div class=\"elementor-widget-container\">\n\t\t\t\t\t\t\t\t\t<p>Ein au\u00dfergew\u00f6hnlicher Ort f\u00fcr Ihre Seminare. Das Manoir de Rigourdaine liegt zwischen Dinard, Dinan und Saint-Malo und ist eine vertrauliche Adresse, die f\u00fcr kleine Gruppen von bis zu 25 Personen konzipiert ist. Als ehemaliges Herrenhaus mit Charakter verf\u00fchrt es mit seinem Steincharme, seiner gem\u00fctlichen Atmosph\u00e4re und seiner erhaltenen nat\u00fcrlichen Umgebung. Hier wird jeder Moment zur Klammer: Arbeit, Entspannung, Austausch und gemeinsame Momente verschmelzen harmonisch mit dem Rhythmus der Natur.<\/p>\t\t\t\t\t\t\t\t<\/div>\n\t\t\t\t<\/div>\n\t\t\t\t\t<\/div>\n\t\t<\/div>\n\t\t\t\t\t<\/div>\n\t\t<\/section>\n\t\t\t\t<section class=\"elementor-section elementor-top-section elementor-element elementor-element-2fef29f elementor-section-boxed elementor-section-height-default elementor-section-height-default\" data-id=\"2fef29f\" data-element_type=\"section\" data-e-type=\"section\">\n\t\t\t\t\t\t<div class=\"elementor-container elementor-column-gap-default\">\n\t\t\t\t\t<div class=\"elementor-column elementor-col-100 elementor-top-column elementor-element elementor-element-4006e5a\" data-id=\"4006e5a\" data-element_type=\"column\" data-e-type=\"column\">\n\t\t\t<div class=\"elementor-widget-wrap elementor-element-populated\">\n\t\t\t\t\t\t<div class=\"elementor-element elementor-element-213836e elementor-widget elementor-widget-heading\" data-id=\"213836e\" data-element_type=\"widget\" data-e-type=\"widget\" data-widget_type=\"heading.default\">\n\t\t\t\t<div class=\"elementor-widget-container\">\n\t\t\t\t\t<h3 class=\"elementor-heading-title elementor-size-default\">Das Rigourdaine-Erlebnis<\/h3>\t\t\t\t<\/div>\n\t\t\t\t<\/div>\n\t\t\t\t<div class=\"elementor-element elementor-element-2114cc4 elementor-widget elementor-widget-text-editor\" data-id=\"2114cc4\" data-element_type=\"widget\" data-e-type=\"widget\" data-widget_type=\"text-editor.default\">\n\t\t\t\t<div class=\"elementor-widget-container\">\n\t\t\t\t\t\t\t\t\t<p>Nutzen Sie die vollst\u00e4ndige Privatisierung des Herrenhauses, um Ihren Teams einen exklusiven Aufenthalt zu bieten.<\/p><p>Unsere einladenden Aufenthaltsr\u00e4ume, unsere Terrassen und unsere G\u00e4rten bieten verschiedene R\u00e4ume zum Arbeiten, Plaudern oder einfach zum Durchatmen. Outdoor-Aktivit\u00e4ten (Wanderungen, Spazierg\u00e4nge entlang der Rance, Wasserausfl\u00fcge oder Momente der Entspannung): Die umliegende Natur l\u00e4dt zu Zusammenhalt und Inspiration ein.\u00a0<\/p><p>Jedes unserer Zimmer vereint den Charme eines alten Wohnhauses mit modernem Komfort. Morgens erwartet Sie im Speisesaal oder auf der sonnigen Terrasse ein Gourmet-Fr\u00fchst\u00fcck mit regionalen Produkten.<\/p>\t\t\t\t\t\t\t\t<\/div>\n\t\t\t\t<\/div>\n\t\t\t\t\t<\/div>\n\t\t<\/div>\n\t\t\t\t\t<\/div>\n\t\t<\/section>\n\t\t\t\t<section class=\"elementor-section elementor-top-section elementor-element elementor-element-b2703bb elementor-section-boxed elementor-section-height-default elementor-section-height-default\" data-id=\"b2703bb\" data-element_type=\"section\" data-e-type=\"section\">\n\t\t\t\t\t\t<div class=\"elementor-container elementor-column-gap-default\">\n\t\t\t\t\t<div class=\"elementor-column elementor-col-100 elementor-top-column elementor-element elementor-element-741db87\" data-id=\"741db87\" data-element_type=\"column\" data-e-type=\"column\">\n\t\t\t<div class=\"elementor-widget-wrap elementor-element-populated\">\n\t\t\t\t\t\t<div class=\"elementor-element elementor-element-2c6090e elementor-widget elementor-widget-heading\" data-id=\"2c6090e\" data-element_type=\"widget\" data-e-type=\"widget\" data-widget_type=\"heading.default\">\n\t\t\t\t<div class=\"elementor-widget-container\">\n\t\t\t\t\t<h3 class=\"elementor-heading-title elementor-size-default\">Zwei modulare Arbeitsbereiche je nach Bedarf<\/h3>\t\t\t\t<\/div>\n\t\t\t\t<\/div>\n\t\t\t\t\t<\/div>\n\t\t<\/div>\n\t\t\t\t\t<\/div>\n\t\t<\/section>\n\t\t\t\t<section class=\"elementor-section elementor-top-section elementor-element elementor-element-414e9cb elementor-section-boxed elementor-section-height-default elementor-section-height-default\" data-id=\"414e9cb\" data-element_type=\"section\" data-e-type=\"section\">\n\t\t\t\t\t\t<div class=\"elementor-container elementor-column-gap-default\">\n\t\t\t\t\t<div class=\"elementor-column elementor-col-100 elementor-top-column elementor-element elementor-element-f156e8c\" data-id=\"f156e8c\" data-element_type=\"column\" data-e-type=\"column\">\n\t\t\t<div class=\"elementor-widget-wrap elementor-element-populated\">\n\t\t\t\t\t\t<div class=\"elementor-element elementor-element-bb2405b elementor-widget elementor-widget-image\" data-id=\"bb2405b\" data-element_type=\"widget\" data-e-type=\"widget\" data-widget_type=\"image.default\">\n\t\t\t\t<div class=\"elementor-widget-container\">\n\t\t\t\t\t\t\t\t\t\t\t\t\t\t\t<img decoding=\"async\" data-attachment-id=\"2763\" data-permalink=\"https:\/\/rigourdaine.com\/de\/elementor-1658\/placement-salles-seminaire\/\" data-orig-file=\"https:\/\/i0.wp.com\/rigourdaine.com\/wp-content\/uploads\/2025\/11\/placement-salles-seminaire.png?fit=1920%2C1080&amp;ssl=1\" data-orig-size=\"1920,1080\" data-comments-opened=\"1\" data-image-meta=\"{&quot;aperture&quot;:&quot;0&quot;,&quot;credit&quot;:&quot;&quot;,&quot;camera&quot;:&quot;&quot;,&quot;caption&quot;:&quot;&quot;,&quot;created_timestamp&quot;:&quot;0&quot;,&quot;copyright&quot;:&quot;&quot;,&quot;focal_length&quot;:&quot;0&quot;,&quot;iso&quot;:&quot;0&quot;,&quot;shutter_speed&quot;:&quot;0&quot;,&quot;title&quot;:&quot;&quot;,&quot;orientation&quot;:&quot;0&quot;}\" data-image-title=\"placement salles seminaire\" data-image-description=\"\" data-image-caption=\"\" data-large-file=\"https:\/\/i0.wp.com\/rigourdaine.com\/wp-content\/uploads\/2025\/11\/placement-salles-seminaire.png?fit=1024%2C576&amp;ssl=1\" width=\"1024\" height=\"576\" src=\"https:\/\/i0.wp.com\/rigourdaine.com\/wp-content\/uploads\/2025\/11\/placement-salles-seminaire.png?fit=1024%2C576&amp;ssl=1\" class=\"attachment-large size-large wp-image-2763\" alt=\"\" srcset=\"https:\/\/i0.wp.com\/rigourdaine.com\/wp-content\/uploads\/2025\/11\/placement-salles-seminaire.png?w=1920&amp;ssl=1 1920w, https:\/\/i0.wp.com\/rigourdaine.com\/wp-content\/uploads\/2025\/11\/placement-salles-seminaire.png?resize=300%2C169&amp;ssl=1 300w, https:\/\/i0.wp.com\/rigourdaine.com\/wp-content\/uploads\/2025\/11\/placement-salles-seminaire.png?resize=1024%2C576&amp;ssl=1 1024w, https:\/\/i0.wp.com\/rigourdaine.com\/wp-content\/uploads\/2025\/11\/placement-salles-seminaire.png?resize=768%2C432&amp;ssl=1 768w, https:\/\/i0.wp.com\/rigourdaine.com\/wp-content\/uploads\/2025\/11\/placement-salles-seminaire.png?resize=1536%2C864&amp;ssl=1 1536w, https:\/\/i0.wp.com\/rigourdaine.com\/wp-content\/uploads\/2025\/11\/placement-salles-seminaire.png?resize=18%2C10&amp;ssl=1 18w\" sizes=\"(max-width: 1024px) 100vw, 1024px\" \/>\t\t\t\t\t\t\t\t\t\t\t\t\t\t\t<\/div>\n\t\t\t\t<\/div>\n\t\t\t\t<div class=\"elementor-element elementor-element-9848fb0 elementor-widget elementor-widget-heading\" data-id=\"9848fb0\" data-element_type=\"widget\" data-e-type=\"widget\" data-widget_type=\"heading.default\">\n\t\t\t\t<div class=\"elementor-widget-container\">\n\t\t\t\t\t<h3 class=\"elementor-heading-title elementor-size-default\">Zusammenfassend: Warum sollten Sie sich f\u00fcr Rigourdaine entscheiden ?<\/h3>\t\t\t\t<\/div>\n\t\t\t\t<\/div>\n\t\t\t\t<div class=\"elementor-element elementor-element-6738bbc elementor-widget elementor-widget-text-editor\" data-id=\"6738bbc\" data-element_type=\"widget\" data-e-type=\"widget\" data-widget_type=\"text-editor.default\">\n\t\t\t\t<div class=\"elementor-widget-container\">\n\t\t\t\t\t\t\t\t\t<p>Eine au\u00dfergew\u00f6hnliche Umgebung zwischen Meer, Stein und Gr\u00fcn, die M\u00f6glichkeit der vollst\u00e4ndigen Privatisierung f\u00fcr bis zu 30 Teilnehmer, eine gem\u00fctliche und authentische Atmosph\u00e4re, N\u00e4he zu Dinard, Dinan und Saint-Malo, direkter Zugang zum Naturpark Rance-Tal...\u00a0<\/p>\t\t\t\t\t\t\t\t<\/div>\n\t\t\t\t<\/div>\n\t\t\t\t\t<\/div>\n\t\t<\/div>\n\t\t\t\t\t<\/div>\n\t\t<\/section>\n\t\t\t\t<section class=\"elementor-section elementor-top-section elementor-element elementor-element-1ed720f elementor-section-boxed elementor-section-height-default elementor-section-height-default\" data-id=\"1ed720f\" data-element_type=\"section\" data-e-type=\"section\">\n\t\t\t\t\t\t<div class=\"elementor-container elementor-column-gap-default\">\n\t\t\t\t\t<div class=\"elementor-column elementor-col-100 elementor-top-column elementor-element elementor-element-e43c86a\" data-id=\"e43c86a\" data-element_type=\"column\" data-e-type=\"column\">\n\t\t\t<div class=\"elementor-widget-wrap elementor-element-populated\">\n\t\t\t\t\t\t<div class=\"elementor-element elementor-element-637752f elementor-widget elementor-widget-spacer\" data-id=\"637752f\" data-element_type=\"widget\" data-e-type=\"widget\" data-widget_type=\"spacer.default\">\n\t\t\t\t<div class=\"elementor-widget-container\">\n\t\t\t\t\t\t\t<div class=\"elementor-spacer\">\n\t\t\t<div class=\"elementor-spacer-inner\"><\/div>\n\t\t<\/div>\n\t\t\t\t\t\t<\/div>\n\t\t\t\t<\/div>\n\t\t\t\t<div class=\"elementor-element elementor-element-0728a83 elementor-widget-divider--view-line elementor-widget elementor-widget-divider\" data-id=\"0728a83\" data-element_type=\"widget\" data-e-type=\"widget\" data-widget_type=\"divider.default\">\n\t\t\t\t<div class=\"elementor-widget-container\">\n\t\t\t\t\t\t\t<div class=\"elementor-divider\">\n\t\t\t<span class=\"elementor-divider-separator\">\n\t\t\t\t\t\t<\/span>\n\t\t<\/div>\n\t\t\t\t\t\t<\/div>\n\t\t\t\t<\/div>\n\t\t\t\t\t<\/div>\n\t\t<\/div>\n\t\t\t\t\t<\/div>\n\t\t<\/section>\n\t\t\t\t<section class=\"elementor-section elementor-top-section elementor-element elementor-element-3b7f6b3 elementor-section-boxed elementor-section-height-default elementor-section-height-default\" data-id=\"3b7f6b3\" data-element_type=\"section\" data-e-type=\"section\">\n\t\t\t\t\t\t<div class=\"elementor-container elementor-column-gap-default\">\n\t\t\t\t\t<div class=\"elementor-column elementor-col-100 elementor-top-column elementor-element elementor-element-90c4bf8\" data-id=\"90c4bf8\" data-element_type=\"column\" data-e-type=\"column\">\n\t\t\t<div class=\"elementor-widget-wrap elementor-element-populated\">\n\t\t\t\t\t\t<div class=\"elementor-element elementor-element-9b47eb3 elementor-widget elementor-widget-heading\" data-id=\"9b47eb3\" data-element_type=\"widget\" data-e-type=\"widget\" data-widget_type=\"heading.default\">\n\t\t\t\t<div class=\"elementor-widget-container\">\n\t\t\t\t\t<h3 class=\"elementor-heading-title elementor-size-default\">Kontakt und Reservierungen<\/h3>\t\t\t\t<\/div>\n\t\t\t\t<\/div>\n\t\t\t\t<div class=\"elementor-element elementor-element-24bdf37 elementor-widget elementor-widget-text-editor\" data-id=\"24bdf37\" data-element_type=\"widget\" data-e-type=\"widget\" data-widget_type=\"text-editor.default\">\n\t\t\t\t<div class=\"elementor-widget-container\">\n\t\t\t\t\t\t\t\t\t<p>Kontaktieren Sie uns, um einen ma\u00dfgeschneiderten Aufenthalt zu gestalten, der an Ihre Bed\u00fcrfnisse angepasst ist :\u00a0<br \/><span style=\"text-decoration: underline;\">Telefon<\/span> : <strong>02 96 86 89 96<\/strong> <br \/><span style=\"text-decoration: underline;\">Email<\/span> : <a href=\"mailto:hotelrigourdaine@gmail.com\"><strong>hotelrigourdaine@gmail.com<\/strong> <\/a><\/p><p><span style=\"text-decoration: underline;\">Standort<\/span> : La Vicomt\u00e9-sur-Rance \u2013 in der N\u00e4he von Dinard, Dinan und Saint-Malo<\/p>\t\t\t\t\t\t\t\t<\/div>\n\t\t\t\t<\/div>\n\t\t\t\t\t<\/div>\n\t\t<\/div>\n\t\t\t\t\t<\/div>\n\t\t<\/section>\n\t\t\t\t<\/div>","protected":false},"excerpt":{"rendered":"<p>S\u00e9minaires d&rsquo;entreprise Entre nature et pierre, inspirez vos \u00e9quipes autrement&#8230; Au c\u0153ur du Parc naturel de la Vall\u00e9e de la Rance, le Manoir de Rigourdaine vous accueille pour des s\u00e9minaires d\u2019entreprise intimistes, entre verdure et authenticit\u00e9. Un lieu d\u2019exception pour vos s\u00e9minaires Situ\u00e9 entre Dinard, Dinan et Saint-Malo, le Manoir de Rigourdaine est une adresse&hellip; <br \/> <a class=\"read-more\" href=\"https:\/\/rigourdaine.com\/de\/elementor-1658\/\">Read more<\/a><\/p>","protected":false},"author":191252717,"featured_media":0,"parent":0,"menu_order":0,"comment_status":"closed","ping_status":"closed","template":"","meta":{"_coblocks_attr":"","_coblocks_dimensions":"","_coblocks_responsive_height":"","_coblocks_accordion_ie_support":"","_crdt_document":"","footnotes":""},"class_list":["post-1658","page","type-page","status-publish","hentry"],"jetpack_likes_enabled":false,"jetpack_sharing_enabled":true,"jetpack_shortlink":"https:\/\/wp.me\/Pchbpe-qK","amp_enabled":true,"_links":{"self":[{"href":"https:\/\/rigourdaine.com\/de\/wp-json\/wp\/v2\/pages\/1658","targetHints":{"allow":["GET"]}}],"collection":[{"href":"https:\/\/rigourdaine.com\/de\/wp-json\/wp\/v2\/pages"}],"about":[{"href":"https:\/\/rigourdaine.com\/de\/wp-json\/wp\/v2\/types\/page"}],"author":[{"embeddable":true,"href":"https:\/\/rigourdaine.com\/de\/wp-json\/wp\/v2\/users\/191252717"}],"replies":[{"embeddable":true,"href":"https:\/\/rigourdaine.com\/de\/wp-json\/wp\/v2\/comments?post=1658"}],"version-history":[{"count":48,"href":"https:\/\/rigourdaine.com\/de\/wp-json\/wp\/v2\/pages\/1658\/revisions"}],"predecessor-version":[{"id":2781,"href":"https:\/\/rigourdaine.com\/de\/wp-json\/wp\/v2\/pages\/1658\/revisions\/2781"}],"wp:attachment":[{"href":"https:\/\/rigourdaine.com\/de\/wp-json\/wp\/v2\/media?parent=1658"}],"curies":[{"name":"wp","href":"https:\/\/api.w.org\/{rel}","templated":true}]}}